{"id":26,"date":"2023-06-02T16:04:52","date_gmt":"2023-06-02T16:04:52","guid":{"rendered":"http:\/\/de.localhost:9000\/?page_id=26"},"modified":"2026-02-02T09:14:14","modified_gmt":"2026-02-02T09:14:14","slug":"ueber-uns","status":"publish","type":"page","link":"https:\/\/www.pensionhoogerland.com\/de\/ueber-uns\/","title":{"rendered":"\u00dcber uns"},"content":{"rendered":"<style>.kb-row-layout-id26_af4505-af > .kt-row-column-wrap{align-content:start;}:where(.kb-row-layout-id26_af4505-af > .kt-row-column-wrap) > .wp-block-kadence-column{justify-content:start;}.kb-row-layout-id26_af4505-af > .kt-row-column-wrap{column-gap:var(--global-kb-gap-md, 2rem);row-gap:var(--global-kb-gap-md, 2rem);max-width:600px;margin-left:auto;margin-right:auto;padding-top:275px;padding-bottom:100px;grid-template-columns:minmax(0, 1fr);}.kb-row-layout-id26_af4505-af{background-image:url('http:\/\/www.pensionhoogerland.com\/de\/\/wp-content\/uploads\/2023\/05\/383240_DSC_7655.jpg');background-size:cover;background-position:87% 57.99999999999999%;background-attachment:scroll;background-repeat:no-repeat;}.kb-row-layout-id26_af4505-af > .kt-row-layout-overlay{opacity:0.50;background-color:var(--global-palette3, #1A202C);mix-blend-mode:normal;}@media all and (max-width: 1024px){.kb-row-layout-id26_af4505-af > .kt-row-column-wrap{padding-top:80px;padding-bottom:80px;grid-template-columns:minmax(0, 1fr);}}@media all and (max-width: 767px){.kb-row-layout-id26_af4505-af > .kt-row-column-wrap{padding-top:120px;padding-right:30px;padding-bottom:60px;padding-left:30px;grid-template-columns:minmax(0, 1fr);}}<\/style><div class=\"kb-row-layout-wrap kb-row-layout-id26_af4505-af alignnone kt-row-has-bg wp-block-kadence-rowlayout\"><div class=\"kt-row-layout-overlay kt-row-overlay-normal\"><\/div><div class=\"kt-row-column-wrap kt-has-1-columns kt-row-layout-equal kt-tab-layout-inherit kt-mobile-layout-row kt-row-valign-top\">\n<style>.kadence-column26_c3bc23-75 > .kt-inside-inner-col,.kadence-column26_c3bc23-75 > .kt-inside-inner-col:before{border-top-left-radius:0px;border-top-right-radius:0px;border-bottom-right-radius:0px;border-bottom-left-radius:0px;}.kadence-column26_c3bc23-75 > .kt-inside-inner-col{column-gap:var(--global-kb-gap-sm, 1rem);}.kadence-column26_c3bc23-75 > .kt-inside-inner-col{flex-direction:column;}.kadence-column26_c3bc23-75 > .kt-inside-inner-col > .aligncenter{width:100%;}.kadence-column26_c3bc23-75 > .kt-inside-inner-col:before{opacity:0.3;}.kadence-column26_c3bc23-75{position:relative;}@media all and (max-width: 1024px){.kadence-column26_c3bc23-75 > .kt-inside-inner-col{padding-top:0px;padding-right:0px;padding-bottom:0px;padding-left:0px;flex-direction:column;justify-content:center;}}@media all and (max-width: 767px){.kadence-column26_c3bc23-75 > .kt-inside-inner-col{flex-direction:column;justify-content:center;}}<\/style>\n<div class=\"wp-block-kadence-column kadence-column26_c3bc23-75 inner-column-1\"><div class=\"kt-inside-inner-col\"><style>.kb-row-layout-id26_58464c-ea > .kt-row-column-wrap{align-content:start;}:where(.kb-row-layout-id26_58464c-ea > .kt-row-column-wrap) > .wp-block-kadence-column{justify-content:start;}.kb-row-layout-id26_58464c-ea > .kt-row-column-wrap{column-gap:var(--global-kb-gap-md, 2rem);row-gap:var(--global-kb-gap-md, 2rem);max-width:600px;margin-left:auto;margin-right:auto;padding-top:0px;padding-bottom:0px;grid-template-columns:minmax(0, 1fr);}.kb-row-layout-id26_58464c-ea > .kt-row-layout-overlay{opacity:0.30;}@media all and (max-width: 1024px){.kb-row-layout-id26_58464c-ea > .kt-row-column-wrap{padding-top:0px;padding-right:0px;padding-bottom:0px;padding-left:0px;grid-template-columns:minmax(0, 1fr);}}@media all and (max-width: 767px){.kb-row-layout-id26_58464c-ea > .kt-row-column-wrap{grid-template-columns:minmax(0, 1fr);}}<\/style><div class=\"kb-row-layout-wrap kb-row-layout-id26_58464c-ea alignnone wp-block-kadence-rowlayout\"><div class=\"kt-row-column-wrap kt-has-1-columns kt-row-layout-equal kt-tab-layout-inherit kt-mobile-layout-row kt-row-valign-top\">\n<style>.kadence-column26_c6312d-0e > .kt-inside-inner-col{padding-right:40px;padding-left:40px;}.kadence-column26_c6312d-0e > .kt-inside-inner-col,.kadence-column26_c6312d-0e > .kt-inside-inner-col:before{border-top-left-radius:0px;border-top-right-radius:0px;border-bottom-right-radius:0px;border-bottom-left-radius:0px;}.kadence-column26_c6312d-0e > .kt-inside-inner-col{column-gap:var(--global-kb-gap-sm, 1rem);}.kadence-column26_c6312d-0e > .kt-inside-inner-col{flex-direction:column;}.kadence-column26_c6312d-0e > .kt-inside-inner-col > .aligncenter{width:100%;}.kadence-column26_c6312d-0e > .kt-inside-inner-col:before{opacity:0.3;}.kadence-column26_c6312d-0e{position:relative;}@media all and (max-width: 1024px){.kadence-column26_c6312d-0e > .kt-inside-inner-col{flex-direction:column;justify-content:center;}}@media all and (max-width: 767px){.kadence-column26_c6312d-0e > .kt-inside-inner-col{padding-right:0px;padding-left:0px;flex-direction:column;justify-content:center;}}<\/style>\n<div class=\"wp-block-kadence-column kadence-column26_c6312d-0e inner-column-1\"><div class=\"kt-inside-inner-col\"><style>.wp-block-kadence-advancedheading.kt-adv-heading26_443d94-de, .wp-block-kadence-advancedheading.kt-adv-heading26_443d94-de[data-kb-block=\"kb-adv-heading26_443d94-de\"]{padding-top:0px;padding-right:0px;padding-bottom:20px;padding-left:0px;margin-top:0px;margin-right:0px;margin-bottom:0px;margin-left:0px;text-align:center;font-style:normal;text-transform:capitalize;}.wp-block-kadence-advancedheading.kt-adv-heading26_443d94-de mark.kt-highlight, .wp-block-kadence-advancedheading.kt-adv-heading26_443d94-de[data-kb-block=\"kb-adv-heading26_443d94-de\"] mark.kt-highlight{font-style:normal;color:#f76a0c;-webkit-box-decoration-break:clone;box-decoration-break:clone;padding-top:0px;padding-right:0px;padding-bottom:0px;padding-left:0px;}.wp-block-kadence-advancedheading.kt-adv-heading26_443d94-de img.kb-inline-image, .wp-block-kadence-advancedheading.kt-adv-heading26_443d94-de[data-kb-block=\"kb-adv-heading26_443d94-de\"] img.kb-inline-image{width:150px;vertical-align:baseline;}<\/style>\n<h1 class=\"kt-adv-heading26_443d94-de wp-block-kadence-advancedheading has-theme-palette-9-color has-text-color\" data-kb-block=\"kb-adv-heading26_443d94-de\">\u00fcber uns<\/h1>\n<\/div><\/div>\n\n<\/div><\/div><\/div><\/div>\n\n<\/div><\/div>\n\n<style>.kb-row-layout-id26_eb8846-c5 > .kt-row-column-wrap{align-content:center;}:where(.kb-row-layout-id26_eb8846-c5 > .kt-row-column-wrap) > .wp-block-kadence-column{justify-content:center;}.kb-row-layout-id26_eb8846-c5 > .kt-row-column-wrap{column-gap:20px;row-gap:20px;max-width:var( --global-content-width, 1290px );padding-left:var(--global-content-edge-padding);padding-right:var(--global-content-edge-padding);padding-top:80px;padding-right:20px;padding-bottom:20px;padding-left:20px;grid-template-columns:minmax(0, 2fr) minmax(0, 1fr);}.kb-row-layout-id26_eb8846-c5 > .kt-row-layout-overlay{opacity:0.30;}@media all and (max-width: 1024px){.kb-row-layout-id26_eb8846-c5 > .kt-row-column-wrap{padding-top:60px;padding-right:150px;padding-bottom:60px;padding-left:150px;grid-template-columns:minmax(0, 2fr) minmax(0, 1fr);}}@media all and (max-width: 767px){.kb-row-layout-id26_eb8846-c5 > .kt-row-column-wrap{padding-top:20px;padding-right:20px;padding-bottom:40px;padding-left:20px;grid-template-columns:minmax(0, 1fr);}}<\/style><div class=\"kb-row-layout-wrap kb-row-layout-id26_eb8846-c5 alignnone wp-block-kadence-rowlayout\"><div class=\"kt-row-column-wrap kt-has-2-columns kt-row-layout-left-golden kt-tab-layout-inherit kt-mobile-layout-row kt-row-valign-middle kb-theme-content-width\">\n<style>.kadence-column26_460337-13 > .kt-inside-inner-col{display:flex;}.kadence-column26_460337-13 > .kt-inside-inner-col{padding-top:0px;padding-right:0px;padding-bottom:0px;padding-left:0px;}.kadence-column26_460337-13 > .kt-inside-inner-col,.kadence-column26_460337-13 > .kt-inside-inner-col:before{border-top-left-radius:0px;border-top-right-radius:0px;border-bottom-right-radius:0px;border-bottom-left-radius:0px;}.kadence-column26_460337-13 > .kt-inside-inner-col{column-gap:var(--global-kb-gap-sm, 1rem);}.kadence-column26_460337-13 > .kt-inside-inner-col{flex-direction:column;justify-content:flex-start;}.kadence-column26_460337-13 > .kt-inside-inner-col > .aligncenter{width:100%;}.kt-row-column-wrap > .kadence-column26_460337-13{align-self:flex-start;}.kt-inner-column-height-full:not(.kt-has-1-columns) > .wp-block-kadence-column.kadence-column26_460337-13{align-self:auto;}.kt-inner-column-height-full:not(.kt-has-1-columns) > .wp-block-kadence-column.kadence-column26_460337-13 > .kt-inside-inner-col{flex-direction:column;justify-content:flex-start;}.kadence-column26_460337-13 > .kt-inside-inner-col:before{opacity:0.3;}.kadence-column26_460337-13{position:relative;}.kadence-column26_460337-13, .kt-inside-inner-col > .kadence-column26_460337-13:not(.specificity){margin-right:90px;}@media all and (max-width: 1024px){.kadence-column26_460337-13 > .kt-inside-inner-col{padding-right:0px;padding-left:0px;flex-direction:column;justify-content:flex-start;}}@media all and (max-width: 1024px){.kt-row-column-wrap > .kadence-column26_460337-13{align-self:flex-start;}}@media all and (max-width: 1024px){.kt-inner-column-height-full:not(.kt-has-1-columns) > .wp-block-kadence-column.kadence-column26_460337-13{align-self:auto;}}@media all and (max-width: 1024px){.kt-inner-column-height-full:not(.kt-has-1-columns) > .wp-block-kadence-column.kadence-column26_460337-13 > .kt-inside-inner-col{flex-direction:column;justify-content:flex-start;}}@media all and (max-width: 1024px){.kadence-column26_460337-13, .kt-inside-inner-col > .kadence-column26_460337-13:not(.specificity){margin-right:0px;margin-left:0px;}}@media all and (max-width: 767px){.kadence-column26_460337-13 > .kt-inside-inner-col{padding-top:20px;padding-right:20px;padding-bottom:0px;padding-left:20px;flex-direction:column;justify-content:flex-start;}.kt-row-column-wrap > .kadence-column26_460337-13{align-self:flex-start;}.kt-inner-column-height-full:not(.kt-has-1-columns) > .wp-block-kadence-column.kadence-column26_460337-13{align-self:auto;}.kt-inner-column-height-full:not(.kt-has-1-columns) > .wp-block-kadence-column.kadence-column26_460337-13 > .kt-inside-inner-col{flex-direction:column;justify-content:flex-start;}.kadence-column26_460337-13, .kt-inside-inner-col > .kadence-column26_460337-13:not(.specificity){margin-right:0px;margin-left:0px;}}<\/style>\n<div class=\"wp-block-kadence-column kadence-column26_460337-13 inner-column-1\"><div class=\"kt-inside-inner-col\">\n<p>Wir sind Johnny &amp; Gerda Hoogerland und hei\u00dfen Sie herzlich willkommen in unserem Fr\u00fchst\u00fccks Pension. Nachdem Johnny beschlossen hatte, seine professionelle Radsportkarriere zu beenden, haben wir als Familie dar\u00fcber nachgedacht, wo unsere Zukunft liegen w\u00fcrde. Gerda stammt aus einer Eislauf-Familie und fuhr im Winter oft mit ihrer Familie zum Eislaufen an den Weissensee.<\/p>\n\n\n\n<p>Im Januar 2017 reisten wir zum ersten Mal mit der ganzen Familie nach \u00d6sterreich, um den Weissensee zu besuchen, wo zu dieser Zeit auch die Familie zur Alternativen Elfstedentocht (Elf-St\u00e4dte-Tour) anwesend war. W\u00e4hrend dieser Zeit haben wir in K\u00e4rnten viel angeschaut und sind mit vielen Eindr\u00fccken damals zur\u00fcck in die Niederlande gefahren. Wir beschlossen, bevor es konkrete Pl\u00e4ne gab, das Land auch im Sommer zu besuchen.<\/p>\n\n\n\n<p>Nach unserem Besuch im Sommer 2017 waren wir uns sicher, dass unsere Zukunft in K\u00e4rnten liegen w\u00fcrde. 2018 wurde unser Traum Wirklichkeit. Zusammen mit unseren T\u00f6chtern Saar und Tess sind wir nach \u00d6sterreich ausgewandert und haben unsere Fr\u00fchst\u00fcckspension er\u00f6ffnet!<\/p>\n\n\n\n<p><\/p>\n\n\n\n<p>. <\/p>\n\n\n\n<p><\/p>\n<\/div><\/div>\n\n\n<style>.kadence-column26_a91495-fd > .kt-inside-inner-col,.kadence-column26_a91495-fd > .kt-inside-inner-col:before{border-top-left-radius:0px;border-top-right-radius:0px;border-bottom-right-radius:0px;border-bottom-left-radius:0px;}.kadence-column26_a91495-fd > .kt-inside-inner-col{column-gap:var(--global-kb-gap-sm, 1rem);}.kadence-column26_a91495-fd > .kt-inside-inner-col{flex-direction:column;}.kadence-column26_a91495-fd > .kt-inside-inner-col > .aligncenter{width:100%;}.kadence-column26_a91495-fd > .kt-inside-inner-col:before{opacity:0.3;}.kadence-column26_a91495-fd{position:relative;}@media all and (max-width: 1024px){.kadence-column26_a91495-fd > .kt-inside-inner-col{flex-direction:column;justify-content:center;}}@media all and (max-width: 767px){.kadence-column26_a91495-fd > .kt-inside-inner-col{flex-direction:column;justify-content:center;}}<\/style>\n<div class=\"wp-block-kadence-column kadence-column26_a91495-fd\"><div class=\"kt-inside-inner-col\">\n<figure class=\"wp-block-image size-full\"><img loading=\"lazy\" decoding=\"async\" width=\"768\" height=\"1024\" src=\"https:\/\/www.pensionhoogerland.com\/de\/wp-content\/uploads\/sites\/2\/2026\/02\/PHOTO-2026-01-26-15-33-24.jpg\" alt=\"\" class=\"wp-image-326\" srcset=\"https:\/\/www.pensionhoogerland.com\/de\/wp-content\/uploads\/sites\/2\/2026\/02\/PHOTO-2026-01-26-15-33-24.jpg 768w, https:\/\/www.pensionhoogerland.com\/de\/wp-content\/uploads\/sites\/2\/2026\/02\/PHOTO-2026-01-26-15-33-24-225x300.jpg 225w\" sizes=\"auto, (max-width: 768px) 100vw, 768px\" \/><\/figure>\n<\/div><\/div>\n\n<\/div><\/div>","protected":false},"excerpt":{"rendered":"<p>\u00fcber uns Wir sind Johnny &amp; Gerda Hoogerland und hei\u00dfen Sie herzlich willkommen in unserem Fr\u00fchst\u00fccks Pension. Nachdem Johnny beschlossen hatte, seine professionelle Radsportkarriere zu beenden, haben wir als Familie&#8230;<\/p>\n","protected":false},"author":1,"featured_media":0,"parent":0,"menu_order":0,"comment_status":"closed","ping_status":"closed","template":"","meta":{"_kad_post_transparent":"","_kad_post_title":"hide","_kad_post_layout":"fullwidth","_kad_post_sidebar_id":"","_kad_post_content_style":"unboxed","_kad_post_vertical_padding":"hide","_kad_post_feature":"hide","_kad_post_feature_position":"","_kad_post_header":false,"_kad_post_footer":false,"_kad_post_classname":"","footnotes":""},"class_list":["post-26","page","type-page","status-publish","hentry"],"_links":{"self":[{"href":"https:\/\/www.pensionhoogerland.com\/de\/wp-json\/wp\/v2\/pages\/26","targetHints":{"allow":["GET"]}}],"collection":[{"href":"https:\/\/www.pensionhoogerland.com\/de\/wp-json\/wp\/v2\/pages"}],"about":[{"href":"https:\/\/www.pensionhoogerland.com\/de\/wp-json\/wp\/v2\/types\/page"}],"author":[{"embeddable":true,"href":"https:\/\/www.pensionhoogerland.com\/de\/wp-json\/wp\/v2\/users\/1"}],"replies":[{"embeddable":true,"href":"https:\/\/www.pensionhoogerland.com\/de\/wp-json\/wp\/v2\/comments?post=26"}],"version-history":[{"count":9,"href":"https:\/\/www.pensionhoogerland.com\/de\/wp-json\/wp\/v2\/pages\/26\/revisions"}],"predecessor-version":[{"id":329,"href":"https:\/\/www.pensionhoogerland.com\/de\/wp-json\/wp\/v2\/pages\/26\/revisions\/329"}],"wp:attachment":[{"href":"https:\/\/www.pensionhoogerland.com\/de\/wp-json\/wp\/v2\/media?parent=26"}],"curies":[{"name":"wp","href":"https:\/\/api.w.org\/{rel}","templated":true}]}}