{"id":39,"date":"2023-06-02T16:14:09","date_gmt":"2023-06-02T16:14:09","guid":{"rendered":"http:\/\/de.localhost:9000\/?page_id=39"},"modified":"2023-11-06T08:00:43","modified_gmt":"2023-11-06T08:00:43","slug":"die-umgebung","status":"publish","type":"page","link":"https:\/\/www.pensionhoogerland.com\/de\/die-umgebung\/","title":{"rendered":"Die Umgebung"},"content":{"rendered":"<style>.kb-row-layout-id39_3b0900-1f > .kt-row-column-wrap{align-content:start;}:where(.kb-row-layout-id39_3b0900-1f > .kt-row-column-wrap) > .wp-block-kadence-column{justify-content:start;}.kb-row-layout-id39_3b0900-1f > .kt-row-column-wrap{column-gap:var(--global-kb-gap-md, 2rem);row-gap:var(--global-kb-gap-md, 2rem);max-width:600px;margin-left:auto;margin-right:auto;padding-top:275px;padding-bottom:100px;grid-template-columns:minmax(0, 1fr);}.kb-row-layout-id39_3b0900-1f{background-image:url('https:\/\/www.pensionhoogerland.com\/de\/wp-content\/uploads\/sites\/2\/2023\/11\/IMG_20210603_122509_982.jpg');background-size:cover;background-position:40% 53%;background-attachment:scroll;background-repeat:no-repeat;}.kb-row-layout-id39_3b0900-1f > .kt-row-layout-overlay{opacity:0.50;background-color:var(--global-palette3, #1A202C);mix-blend-mode:normal;}@media all and (max-width: 1024px){.kb-row-layout-id39_3b0900-1f > .kt-row-column-wrap{padding-top:80px;padding-bottom:80px;grid-template-columns:minmax(0, 1fr);}}@media all and (max-width: 767px){.kb-row-layout-id39_3b0900-1f > .kt-row-column-wrap{padding-top:120px;padding-right:30px;padding-bottom:60px;padding-left:30px;grid-template-columns:minmax(0, 1fr);}}<\/style><div class=\"kb-row-layout-wrap kb-row-layout-id39_3b0900-1f alignnone kt-row-has-bg wp-block-kadence-rowlayout\"><div class=\"kt-row-layout-overlay kt-row-overlay-normal\"><\/div><div class=\"kt-row-column-wrap kt-has-1-columns kt-row-layout-equal kt-tab-layout-inherit kt-mobile-layout-row kt-row-valign-top\">\n<style>.kadence-column39_9977cf-6a > .kt-inside-inner-col,.kadence-column39_9977cf-6a > .kt-inside-inner-col:before{border-top-left-radius:0px;border-top-right-radius:0px;border-bottom-right-radius:0px;border-bottom-left-radius:0px;}.kadence-column39_9977cf-6a > .kt-inside-inner-col{column-gap:var(--global-kb-gap-sm, 1rem);}.kadence-column39_9977cf-6a > .kt-inside-inner-col{flex-direction:column;}.kadence-column39_9977cf-6a > .kt-inside-inner-col > .aligncenter{width:100%;}.kadence-column39_9977cf-6a > .kt-inside-inner-col:before{opacity:0.3;}.kadence-column39_9977cf-6a{position:relative;}@media all and (max-width: 1024px){.kadence-column39_9977cf-6a > .kt-inside-inner-col{padding-top:0px;padding-right:0px;padding-bottom:0px;padding-left:0px;flex-direction:column;justify-content:center;}}@media all and (max-width: 767px){.kadence-column39_9977cf-6a > .kt-inside-inner-col{flex-direction:column;justify-content:center;}}<\/style>\n<div class=\"wp-block-kadence-column kadence-column39_9977cf-6a inner-column-1\"><div class=\"kt-inside-inner-col\"><style>.kb-row-layout-id39_51b94b-6e > .kt-row-column-wrap{align-content:start;}:where(.kb-row-layout-id39_51b94b-6e > .kt-row-column-wrap) > .wp-block-kadence-column{justify-content:start;}.kb-row-layout-id39_51b94b-6e > .kt-row-column-wrap{column-gap:var(--global-kb-gap-md, 2rem);row-gap:var(--global-kb-gap-md, 2rem);max-width:600px;margin-left:auto;margin-right:auto;padding-top:0px;padding-bottom:0px;grid-template-columns:minmax(0, 1fr);}.kb-row-layout-id39_51b94b-6e > .kt-row-layout-overlay{opacity:0.30;}@media all and (max-width: 1024px){.kb-row-layout-id39_51b94b-6e > .kt-row-column-wrap{padding-top:0px;padding-right:0px;padding-bottom:0px;padding-left:0px;grid-template-columns:minmax(0, 1fr);}}@media all and (max-width: 767px){.kb-row-layout-id39_51b94b-6e > .kt-row-column-wrap{grid-template-columns:minmax(0, 1fr);}}<\/style><div class=\"kb-row-layout-wrap kb-row-layout-id39_51b94b-6e alignnone wp-block-kadence-rowlayout\"><div class=\"kt-row-column-wrap kt-has-1-columns kt-row-layout-equal kt-tab-layout-inherit kt-mobile-layout-row kt-row-valign-top\">\n<style>.kadence-column39_574f27-d5 > .kt-inside-inner-col{padding-right:40px;padding-left:40px;}.kadence-column39_574f27-d5 > .kt-inside-inner-col,.kadence-column39_574f27-d5 > .kt-inside-inner-col:before{border-top-left-radius:0px;border-top-right-radius:0px;border-bottom-right-radius:0px;border-bottom-left-radius:0px;}.kadence-column39_574f27-d5 > .kt-inside-inner-col{column-gap:var(--global-kb-gap-sm, 1rem);}.kadence-column39_574f27-d5 > .kt-inside-inner-col{flex-direction:column;}.kadence-column39_574f27-d5 > .kt-inside-inner-col > .aligncenter{width:100%;}.kadence-column39_574f27-d5 > .kt-inside-inner-col:before{opacity:0.3;}.kadence-column39_574f27-d5{position:relative;}@media all and (max-width: 1024px){.kadence-column39_574f27-d5 > .kt-inside-inner-col{flex-direction:column;justify-content:center;}}@media all and (max-width: 767px){.kadence-column39_574f27-d5 > .kt-inside-inner-col{padding-right:0px;padding-left:0px;flex-direction:column;justify-content:center;}}<\/style>\n<div class=\"wp-block-kadence-column kadence-column39_574f27-d5 inner-column-1\"><div class=\"kt-inside-inner-col\"><style>.wp-block-kadence-advancedheading.kt-adv-heading39_c4b5d7-ca, .wp-block-kadence-advancedheading.kt-adv-heading39_c4b5d7-ca[data-kb-block=\"kb-adv-heading39_c4b5d7-ca\"]{padding-top:0px;padding-right:0px;padding-bottom:20px;padding-left:0px;margin-top:0px;margin-right:0px;margin-bottom:0px;margin-left:0px;text-align:center;font-style:normal;text-transform:capitalize;}.wp-block-kadence-advancedheading.kt-adv-heading39_c4b5d7-ca mark.kt-highlight, .wp-block-kadence-advancedheading.kt-adv-heading39_c4b5d7-ca[data-kb-block=\"kb-adv-heading39_c4b5d7-ca\"] mark.kt-highlight{font-style:normal;color:#f76a0c;-webkit-box-decoration-break:clone;box-decoration-break:clone;padding-top:0px;padding-right:0px;padding-bottom:0px;padding-left:0px;}.wp-block-kadence-advancedheading.kt-adv-heading39_c4b5d7-ca img.kb-inline-image, .wp-block-kadence-advancedheading.kt-adv-heading39_c4b5d7-ca[data-kb-block=\"kb-adv-heading39_c4b5d7-ca\"] img.kb-inline-image{width:150px;vertical-align:baseline;}<\/style>\n<h1 class=\"kt-adv-heading39_c4b5d7-ca wp-block-kadence-advancedheading has-theme-palette-9-color has-text-color\" data-kb-block=\"kb-adv-heading39_c4b5d7-ca\">Die Umgebung<\/h1>\n<\/div><\/div>\n\n<\/div><\/div><\/div><\/div>\n\n<\/div><\/div>\n\n<style>.kb-row-layout-id39_ff006a-01 > .kt-row-column-wrap{align-content:center;}:where(.kb-row-layout-id39_ff006a-01 > .kt-row-column-wrap) > .wp-block-kadence-column{justify-content:center;}.kb-row-layout-id39_ff006a-01 > .kt-row-column-wrap{column-gap:20px;row-gap:20px;max-width:var( --global-content-width, 1290px );padding-left:var(--global-content-edge-padding);padding-right:var(--global-content-edge-padding);padding-top:80px;padding-right:20px;padding-bottom:0px;padding-left:20px;grid-template-columns:minmax(0, calc(55% - ((20px * 1 )\/2)))minmax(0, calc(45% - ((20px * 1 )\/2)));}.kb-row-layout-id39_ff006a-01 > .kt-row-layout-overlay{opacity:0.30;}@media all and (max-width: 1024px){.kb-row-layout-id39_ff006a-01 > .kt-row-column-wrap{padding-top:60px;padding-right:150px;padding-bottom:60px;padding-left:150px;grid-template-columns:minmax(0, 1fr);}}@media all and (max-width: 767px){.kb-row-layout-id39_ff006a-01 > .kt-row-column-wrap{padding-top:20px;padding-right:20px;padding-bottom:40px;padding-left:20px;grid-template-columns:minmax(0, 1fr);}}<\/style><div class=\"kb-row-layout-wrap kb-row-layout-id39_ff006a-01 alignnone has-theme-palette7-background-color kt-row-has-bg wp-block-kadence-rowlayout\"><div class=\"kt-row-column-wrap kt-has-2-columns kt-row-layout-equal kt-tab-layout-row kt-mobile-layout-row kt-row-valign-middle kb-theme-content-width\">\n<style>.kadence-column39_cece9c-fd > .kt-inside-inner-col{display:flex;}.kadence-column39_cece9c-fd > .kt-inside-inner-col{padding-top:0px;padding-right:0px;padding-bottom:0px;padding-left:0px;}.kadence-column39_cece9c-fd > .kt-inside-inner-col,.kadence-column39_cece9c-fd > .kt-inside-inner-col:before{border-top-left-radius:0px;border-top-right-radius:0px;border-bottom-right-radius:0px;border-bottom-left-radius:0px;}.kadence-column39_cece9c-fd > .kt-inside-inner-col{column-gap:var(--global-kb-gap-sm, 1rem);}.kadence-column39_cece9c-fd > .kt-inside-inner-col{flex-direction:column;justify-content:center;}.kadence-column39_cece9c-fd > .kt-inside-inner-col > .aligncenter{width:100%;}.kt-row-column-wrap > .kadence-column39_cece9c-fd{align-self:center;}.kt-inner-column-height-full:not(.kt-has-1-columns) > .wp-block-kadence-column.kadence-column39_cece9c-fd{align-self:auto;}.kt-inner-column-height-full:not(.kt-has-1-columns) > .wp-block-kadence-column.kadence-column39_cece9c-fd > .kt-inside-inner-col{flex-direction:column;justify-content:center;}.kadence-column39_cece9c-fd > .kt-inside-inner-col:before{opacity:0.3;}.kadence-column39_cece9c-fd{position:relative;}.kadence-column39_cece9c-fd, .kt-inside-inner-col > .kadence-column39_cece9c-fd:not(.specificity){margin-right:90px;}@media all and (max-width: 1024px){.kadence-column39_cece9c-fd > .kt-inside-inner-col{padding-right:0px;padding-left:0px;flex-direction:column;justify-content:center;}}@media all and (max-width: 1024px){.kt-row-column-wrap > .kadence-column39_cece9c-fd{align-self:center;}}@media all and (max-width: 1024px){.kt-inner-column-height-full:not(.kt-has-1-columns) > .wp-block-kadence-column.kadence-column39_cece9c-fd{align-self:auto;}}@media all and (max-width: 1024px){.kt-inner-column-height-full:not(.kt-has-1-columns) > .wp-block-kadence-column.kadence-column39_cece9c-fd > .kt-inside-inner-col{flex-direction:column;justify-content:center;}}@media all and (max-width: 1024px){.kadence-column39_cece9c-fd, .kt-inside-inner-col > .kadence-column39_cece9c-fd:not(.specificity){margin-right:0px;margin-left:0px;}}@media all and (max-width: 767px){.kadence-column39_cece9c-fd > .kt-inside-inner-col{padding-top:20px;padding-right:20px;padding-bottom:0px;padding-left:20px;flex-direction:column;justify-content:center;}.kt-row-column-wrap > .kadence-column39_cece9c-fd{align-self:center;}.kt-inner-column-height-full:not(.kt-has-1-columns) > .wp-block-kadence-column.kadence-column39_cece9c-fd{align-self:auto;}.kt-inner-column-height-full:not(.kt-has-1-columns) > .wp-block-kadence-column.kadence-column39_cece9c-fd > .kt-inside-inner-col{flex-direction:column;justify-content:center;}.kadence-column39_cece9c-fd, .kt-inside-inner-col > .kadence-column39_cece9c-fd:not(.specificity){margin-right:0px;margin-left:0px;}}<\/style>\n<div class=\"wp-block-kadence-column kadence-column39_cece9c-fd inner-column-1\"><div class=\"kt-inside-inner-col\">\n<p>Das G\u00e4stehaus liegt etwas au\u00dferhalb des Zentrums von Velden im Bundesland K\u00e4rnten, auch sonniger S\u00fcden \u00d6sterreichs genannt.&nbsp;&nbsp;Auf dem vielseitigen W\u00f6rthersee werden Sie sich als Urlauber wie zu Hause f\u00fchlen. Der 17 km lange See liegt zwischen den H\u00fcgeln des Dreiecks \u00d6sterreich, Italien und Slowenien.Der W\u00f6rthersee ist der gr\u00f6\u00dfte See K\u00e4rntens und liegt auf einer H\u00f6he von 439 Metern. Das t\u00fcrkisblaue Wasser hat Trinkwasserqualit\u00e4t und im Sommer ist der See etwa 25 Grad warm. Als einer der w\u00e4rmsten Seen der Alpen bietet das Gebiet viele Sport- und Freizeitm\u00f6glichkeiten wie Schwimmen, Radfahren, Stand-up Paddeln und Wandern.<\/p>\n<\/div><\/div>\n\n\n<style>.kadence-column39_f656aa-af > .kt-inside-inner-col{display:flex;}.kadence-column39_f656aa-af > .kt-inside-inner-col{padding-top:0px;padding-right:60px;padding-bottom:40px;padding-left:60px;}.kadence-column39_f656aa-af > .kt-inside-inner-col,.kadence-column39_f656aa-af > .kt-inside-inner-col:before{border-top-left-radius:0px;border-top-right-radius:0px;border-bottom-right-radius:0px;border-bottom-left-radius:0px;}.kadence-column39_f656aa-af > .kt-inside-inner-col{column-gap:var(--global-kb-gap-sm, 1rem);}.kadence-column39_f656aa-af > .kt-inside-inner-col{flex-direction:column;justify-content:flex-start;}.kadence-column39_f656aa-af > .kt-inside-inner-col > .aligncenter{width:100%;}.kt-row-column-wrap > .kadence-column39_f656aa-af{align-self:flex-start;}.kt-inner-column-height-full:not(.kt-has-1-columns) > .wp-block-kadence-column.kadence-column39_f656aa-af{align-self:auto;}.kt-inner-column-height-full:not(.kt-has-1-columns) > .wp-block-kadence-column.kadence-column39_f656aa-af > .kt-inside-inner-col{flex-direction:column;justify-content:flex-start;}.kadence-column39_f656aa-af > .kt-inside-inner-col:before{opacity:0.3;}.kadence-column39_f656aa-af{position:relative;}.kadence-column39_f656aa-af, .kt-inside-inner-col > .kadence-column39_f656aa-af:not(.specificity){margin-right:0px;margin-left:20px;}@media all and (max-width: 1024px){.kadence-column39_f656aa-af > .kt-inside-inner-col{padding-top:40px;padding-right:40px;padding-bottom:40px;padding-left:40px;flex-direction:column;justify-content:flex-start;}}@media all and (max-width: 1024px){.kt-row-column-wrap > .kadence-column39_f656aa-af{align-self:flex-start;}}@media all and (max-width: 1024px){.kt-inner-column-height-full:not(.kt-has-1-columns) > .wp-block-kadence-column.kadence-column39_f656aa-af{align-self:auto;}}@media all and (max-width: 1024px){.kt-inner-column-height-full:not(.kt-has-1-columns) > .wp-block-kadence-column.kadence-column39_f656aa-af > .kt-inside-inner-col{flex-direction:column;justify-content:flex-start;}}@media all and (max-width: 1024px){.kadence-column39_f656aa-af, .kt-inside-inner-col > .kadence-column39_f656aa-af:not(.specificity){margin-right:0px;margin-left:0px;}}@media all and (max-width: 767px){.kadence-column39_f656aa-af > .kt-inside-inner-col{padding-top:20px;padding-right:20px;padding-bottom:20px;padding-left:20px;flex-direction:column;justify-content:flex-start;}.kt-row-column-wrap > .kadence-column39_f656aa-af{align-self:flex-start;}.kt-inner-column-height-full:not(.kt-has-1-columns) > .wp-block-kadence-column.kadence-column39_f656aa-af{align-self:auto;}.kt-inner-column-height-full:not(.kt-has-1-columns) > .wp-block-kadence-column.kadence-column39_f656aa-af > .kt-inside-inner-col{flex-direction:column;justify-content:flex-start;}.kadence-column39_f656aa-af, .kt-inside-inner-col > .kadence-column39_f656aa-af:not(.specificity){margin-right:0px;margin-left:0px;}}<\/style>\n<div class=\"wp-block-kadence-column kadence-column39_f656aa-af inner-column-2\"><div class=\"kt-inside-inner-col\"><\/div><\/div>\n\n<\/div><\/div>\n\n<style>.kb-row-layout-id39_17b5cd-90 > .kt-row-column-wrap{align-content:center;}:where(.kb-row-layout-id39_17b5cd-90 > .kt-row-column-wrap) > .wp-block-kadence-column{justify-content:center;}.kb-row-layout-id39_17b5cd-90 > .kt-row-column-wrap{column-gap:20px;row-gap:20px;max-width:var( --global-content-width, 1290px );padding-left:var(--global-content-edge-padding);padding-right:var(--global-content-edge-padding);padding-top:80px;padding-right:20px;padding-bottom:80px;padding-left:20px;grid-template-columns:minmax(0, 1fr);}.kb-row-layout-id39_17b5cd-90 > .kt-row-layout-overlay{opacity:0.30;}@media all and (max-width: 1024px){.kb-row-layout-id39_17b5cd-90 > .kt-row-column-wrap{padding-top:60px;padding-right:150px;padding-bottom:60px;padding-left:150px;grid-template-columns:minmax(0, 1fr);}}@media all and (max-width: 767px){.kb-row-layout-id39_17b5cd-90 > .kt-row-column-wrap{padding-top:20px;padding-right:20px;padding-bottom:40px;padding-left:20px;grid-template-columns:minmax(0, 1fr);}}<\/style><div class=\"kb-row-layout-wrap kb-row-layout-id39_17b5cd-90 alignnone has-theme-palette7-background-color kt-row-has-bg wp-block-kadence-rowlayout\"><div class=\"kt-row-column-wrap kt-has-1-columns kt-row-layout-equal kt-tab-layout-inherit kt-mobile-layout-row kt-row-valign-middle kb-theme-content-width\">\n<style>.kadence-column39_6a637e-64 > .kt-inside-inner-col{display:flex;}.kadence-column39_6a637e-64 > .kt-inside-inner-col{padding-top:0px;padding-right:0px;padding-bottom:0px;padding-left:0px;}.kadence-column39_6a637e-64 > .kt-inside-inner-col,.kadence-column39_6a637e-64 > .kt-inside-inner-col:before{border-top-left-radius:0px;border-top-right-radius:0px;border-bottom-right-radius:0px;border-bottom-left-radius:0px;}.kadence-column39_6a637e-64 > .kt-inside-inner-col{column-gap:var(--global-kb-gap-sm, 1rem);}.kadence-column39_6a637e-64 > .kt-inside-inner-col{flex-direction:column;justify-content:center;}.kadence-column39_6a637e-64 > .kt-inside-inner-col > .aligncenter{width:100%;}.kt-row-column-wrap > .kadence-column39_6a637e-64{align-self:center;}.kt-inner-column-height-full:not(.kt-has-1-columns) > .wp-block-kadence-column.kadence-column39_6a637e-64{align-self:auto;}.kt-inner-column-height-full:not(.kt-has-1-columns) > .wp-block-kadence-column.kadence-column39_6a637e-64 > .kt-inside-inner-col{flex-direction:column;justify-content:center;}.kadence-column39_6a637e-64 > .kt-inside-inner-col:before{opacity:0.3;}.kadence-column39_6a637e-64{position:relative;}.kadence-column39_6a637e-64, .kt-inside-inner-col > .kadence-column39_6a637e-64:not(.specificity){margin-right:90px;}@media all and (max-width: 1024px){.kadence-column39_6a637e-64 > .kt-inside-inner-col{padding-right:0px;padding-left:0px;flex-direction:column;justify-content:center;}}@media all and (max-width: 1024px){.kt-row-column-wrap > .kadence-column39_6a637e-64{align-self:center;}}@media all and (max-width: 1024px){.kt-inner-column-height-full:not(.kt-has-1-columns) > .wp-block-kadence-column.kadence-column39_6a637e-64{align-self:auto;}}@media all and (max-width: 1024px){.kt-inner-column-height-full:not(.kt-has-1-columns) > .wp-block-kadence-column.kadence-column39_6a637e-64 > .kt-inside-inner-col{flex-direction:column;justify-content:center;}}@media all and (max-width: 1024px){.kadence-column39_6a637e-64, .kt-inside-inner-col > .kadence-column39_6a637e-64:not(.specificity){margin-right:0px;margin-left:0px;}}@media all and (max-width: 767px){.kadence-column39_6a637e-64 > .kt-inside-inner-col{padding-top:20px;padding-right:20px;padding-bottom:0px;padding-left:20px;flex-direction:column;justify-content:center;}.kt-row-column-wrap > .kadence-column39_6a637e-64{align-self:center;}.kt-inner-column-height-full:not(.kt-has-1-columns) > .wp-block-kadence-column.kadence-column39_6a637e-64{align-self:auto;}.kt-inner-column-height-full:not(.kt-has-1-columns) > .wp-block-kadence-column.kadence-column39_6a637e-64 > .kt-inside-inner-col{flex-direction:column;justify-content:center;}.kadence-column39_6a637e-64, .kt-inside-inner-col > .kadence-column39_6a637e-64:not(.specificity){margin-right:0px;margin-left:0px;}}<\/style>\n<div class=\"wp-block-kadence-column kadence-column39_6a637e-64 inner-column-1\"><div class=\"kt-inside-inner-col\">\n<h3 class=\"wp-block-heading\">Dreil\u00e4nderpunkt Italien, Slowenien und \u00d6sterreich<\/h3>\n\n\n\n<p>Das Dreil\u00e4ndereck in Arnoldstein ist der Treffpunkt zwischen \u00d6sterreich, Italien und Slowenien. Die Kombination mit Wanderwegen und einer Luftseilbahn macht es zu einem der beliebtesten Orte K\u00e4rntens. Vom h\u00f6chsten Punkt, auf fast 1600 Metern haben Sie einen spektakul\u00e4ren Blick auf die Karawanken, die Julischen Alpen, das Gailtal und die Stadt Klagenfurt.<\/p>\n\n\n\n<p>Vom G\u00e4stehaus ben\u00f6tige Sie nur eine halbe Stunde zu Luftseilbahn, die Sie zum Dreil\u00e4nderpunkt bringt.<\/p>\n<\/div><\/div>\n\n<\/div><\/div>\n\n<style>.kb-row-layout-id39_9357c0-d0 > .kt-row-column-wrap{align-content:start;}:where(.kb-row-layout-id39_9357c0-d0 > .kt-row-column-wrap) > .wp-block-kadence-column{justify-content:start;}.kb-row-layout-id39_9357c0-d0 > .kt-row-column-wrap{column-gap:var(--global-kb-gap-lg, 4rem);row-gap:var(--global-kb-gap-md, 2rem);padding-top:40px;padding-bottom:20px;grid-template-columns:minmax(0, 1fr);}.kb-row-layout-id39_9357c0-d0 > .kt-row-layout-overlay{opacity:0.30;}@media all and (max-width: 1024px){.kb-row-layout-id39_9357c0-d0 > .kt-row-column-wrap{grid-template-columns:minmax(0, 1fr);}}@media all and (max-width: 767px){.kb-row-layout-id39_9357c0-d0 > .kt-row-column-wrap{grid-template-columns:minmax(0, 1fr);}}<\/style><div class=\"kb-row-layout-wrap kb-row-layout-id39_9357c0-d0 alignnone wp-block-kadence-rowlayout\"><div class=\"kt-row-column-wrap kt-has-1-columns kt-row-layout-equal kt-tab-layout-inherit kt-mobile-layout-row kt-row-valign-top\">\n<style>.kadence-column39_b38e1a-2c > .kt-inside-inner-col,.kadence-column39_b38e1a-2c > .kt-inside-inner-col:before{border-top-left-radius:0px;border-top-right-radius:0px;border-bottom-right-radius:0px;border-bottom-left-radius:0px;}.kadence-column39_b38e1a-2c > .kt-inside-inner-col{column-gap:var(--global-kb-gap-sm, 1rem);}.kadence-column39_b38e1a-2c > .kt-inside-inner-col{flex-direction:column;}.kadence-column39_b38e1a-2c > .kt-inside-inner-col > .aligncenter{width:100%;}.kadence-column39_b38e1a-2c > .kt-inside-inner-col:before{opacity:0.3;}.kadence-column39_b38e1a-2c{position:relative;}@media all and (max-width: 1024px){.kadence-column39_b38e1a-2c > .kt-inside-inner-col{flex-direction:column;justify-content:center;}}@media all and (max-width: 767px){.kadence-column39_b38e1a-2c > .kt-inside-inner-col{flex-direction:column;justify-content:center;}}<\/style>\n<div class=\"wp-block-kadence-column kadence-column39_b38e1a-2c inner-column-1\"><div class=\"kt-inside-inner-col\"><\/div><\/div>\n\n<\/div><\/div>","protected":false},"excerpt":{"rendered":"<p>Die Umgebung Das G\u00e4stehaus liegt etwas au\u00dferhalb des Zentrums von Velden im Bundesland K\u00e4rnten, auch sonniger S\u00fcden \u00d6sterreichs genannt.&nbsp;&nbsp;Auf dem vielseitigen W\u00f6rthersee werden Sie sich als Urlauber wie zu Hause&#8230;<\/p>\n","protected":false},"author":1,"featured_media":0,"parent":0,"menu_order":0,"comment_status":"closed","ping_status":"closed","template":"","meta":{"_kad_post_transparent":"","_kad_post_title":"hide","_kad_post_layout":"fullwidth","_kad_post_sidebar_id":"","_kad_post_content_style":"unboxed","_kad_post_vertical_padding":"hide","_kad_post_feature":"hide","_kad_post_feature_position":"","_kad_post_header":false,"_kad_post_footer":false,"_kad_post_classname":"","footnotes":""},"class_list":["post-39","page","type-page","status-publish","hentry"],"_links":{"self":[{"href":"https:\/\/www.pensionhoogerland.com\/de\/wp-json\/wp\/v2\/pages\/39","targetHints":{"allow":["GET"]}}],"collection":[{"href":"https:\/\/www.pensionhoogerland.com\/de\/wp-json\/wp\/v2\/pages"}],"about":[{"href":"https:\/\/www.pensionhoogerland.com\/de\/wp-json\/wp\/v2\/types\/page"}],"author":[{"embeddable":true,"href":"https:\/\/www.pensionhoogerland.com\/de\/wp-json\/wp\/v2\/users\/1"}],"replies":[{"embeddable":true,"href":"https:\/\/www.pensionhoogerland.com\/de\/wp-json\/wp\/v2\/comments?post=39"}],"version-history":[{"count":7,"href":"https:\/\/www.pensionhoogerland.com\/de\/wp-json\/wp\/v2\/pages\/39\/revisions"}],"predecessor-version":[{"id":121,"href":"https:\/\/www.pensionhoogerland.com\/de\/wp-json\/wp\/v2\/pages\/39\/revisions\/121"}],"wp:attachment":[{"href":"https:\/\/www.pensionhoogerland.com\/de\/wp-json\/wp\/v2\/media?parent=39"}],"curies":[{"name":"wp","href":"https:\/\/api.w.org\/{rel}","templated":true}]}}